{"id":295,"date":"2020-05-13T09:51:46","date_gmt":"2020-05-13T06:51:46","guid":{"rendered":"https:\/\/arborworks.ee\/?page_id=295"},"modified":"2024-04-18T22:20:46","modified_gmt":"2024-04-18T19:20:46","slug":"%d1%80%d0%b0%d1%81%d1%81%d1%80%d0%be%d1%87%d0%ba%d0%b0","status":"publish","type":"page","link":"https:\/\/arborworks.ee\/ru\/%d1%80%d0%b0%d1%81%d1%81%d1%80%d0%be%d1%87%d0%ba%d0%b0\/","title":{"rendered":"\u0420\u0430\u0441\u0441\u0440\u043e\u0447\u043a\u0430"},"content":{"rendered":"\n<iframe src=https:\/\/partners.lhv.ee\/assets\/templates\/consumer-loan.html?product=CL&#038;intrest=7%2C9&#038;contract_fee=2&#038;code=14011444&#038;price=2000&#038;creditPeriod=40&#038;disclaimer_intrest=15%2C90&#038;disclaimer_period=24&#038;roh=18%2C64&#038;contract_fee_sum=40&#038;creditAmount=2000%2C00&#038;totalSum=2630%2C48&#038;returnSum=2590%2C48  width=\"100%\" height=\"1800px\" frameborder=\"no\" scrolling=\"yes\"><\/iframe>\n","protected":false},"excerpt":{"rendered":"","protected":false},"author":1,"featured_media":0,"parent":0,"menu_order":0,"comment_status":"closed","ping_status":"closed","template":"page-blank.php","meta":{"footnotes":""},"class_list":["post-295","page","type-page","status-publish","hentry"],"yoast_head":"<!-- This site is optimized with the Yoast SEO plugin v27.4 - https:\/\/yoast.com\/product\/yoast-seo-wordpress\/ -->\n<title>\u0420\u0430\u0441\u0441\u0440\u043e\u0447\u043a\u0430 - ArborWorks - k&otilde;rgt&ouml;&ouml;d sinu kinnisvara heaks.<\/title>\n<meta name=\"description\" content=\"USALDUSV\u00c4\u00c4RNE JA PROFESSIONAALNE KUTSETUNNISTUSEGA ARBORIST EESTIS. Puude langetamine, hooldusl\u00f5ikus, k\u00e4ndude freesimine\" \/>\n<meta name=\"robots\" content=\"index, follow, max-snippet:-1, max-image-preview:large, max-video-preview:-1\" \/>\n<link rel=\"canonical\" href=\"https:\/\/arborworks.ee\/ru\/\u0440\u0430\u0441\u0441\u0440\u043e\u0447\u043a\u0430\/\" \/>\n<meta property=\"og:locale\" content=\"ru_RU\" \/>\n<meta property=\"og:type\" content=\"article\" \/>\n<meta property=\"og:title\" content=\"\u0420\u0430\u0441\u0441\u0440\u043e\u0447\u043a\u0430 - ArborWorks - k&otilde;rgt&ouml;&ouml;d sinu kinnisvara heaks.\" \/>\n<meta property=\"og:description\" content=\"USALDUSV\u00c4\u00c4RNE JA PROFESSIONAALNE KUTSETUNNISTUSEGA ARBORIST EESTIS. Puude langetamine, hooldusl\u00f5ikus, k\u00e4ndude freesimine\" \/>\n<meta property=\"og:url\" content=\"https:\/\/arborworks.ee\/ru\/\u0440\u0430\u0441\u0441\u0440\u043e\u0447\u043a\u0430\/\" \/>\n<meta property=\"og:site_name\" content=\"ArborWorks - k&otilde;rgt&ouml;&ouml;d sinu kinnisvara heaks.\" \/>\n<meta property=\"article:modified_time\" content=\"2024-04-18T19:20:46+00:00\" \/>\n<meta name=\"twitter:card\" content=\"summary_large_image\" \/>\n<script type=\"application\/ld+json\" class=\"yoast-schema-graph\">{\"@context\":\"https:\\\/\\\/schema.org\",\"@graph\":[{\"@type\":\"WebPage\",\"@id\":\"https:\\\/\\\/arborworks.ee\\\/ru\\\/%d1%80%d0%b0%d1%81%d1%81%d1%80%d0%be%d1%87%d0%ba%d0%b0\\\/\",\"url\":\"https:\\\/\\\/arborworks.ee\\\/ru\\\/%d1%80%d0%b0%d1%81%d1%81%d1%80%d0%be%d1%87%d0%ba%d0%b0\\\/\",\"name\":\"\u0420\u0430\u0441\u0441\u0440\u043e\u0447\u043a\u0430 - ArborWorks - k&otilde;rgt&ouml;&ouml;d sinu kinnisvara heaks.\",\"isPartOf\":{\"@id\":\"https:\\\/\\\/arborworks.ee\\\/#website\"},\"datePublished\":\"2020-05-13T06:51:46+00:00\",\"dateModified\":\"2024-04-18T19:20:46+00:00\",\"description\":\"USALDUSV\u00c4\u00c4RNE JA PROFESSIONAALNE KUTSETUNNISTUSEGA ARBORIST EESTIS. Puude langetamine, hooldusl\u00f5ikus, k\u00e4ndude freesimine\",\"breadcrumb\":{\"@id\":\"https:\\\/\\\/arborworks.ee\\\/ru\\\/%d1%80%d0%b0%d1%81%d1%81%d1%80%d0%be%d1%87%d0%ba%d0%b0\\\/#breadcrumb\"},\"inLanguage\":\"ru-RU\",\"potentialAction\":[{\"@type\":\"ReadAction\",\"target\":[\"https:\\\/\\\/arborworks.ee\\\/ru\\\/%d1%80%d0%b0%d1%81%d1%81%d1%80%d0%be%d1%87%d0%ba%d0%b0\\\/\"]}]},{\"@type\":\"BreadcrumbList\",\"@id\":\"https:\\\/\\\/arborworks.ee\\\/ru\\\/%d1%80%d0%b0%d1%81%d1%81%d1%80%d0%be%d1%87%d0%ba%d0%b0\\\/#breadcrumb\",\"itemListElement\":[{\"@type\":\"ListItem\",\"position\":1,\"name\":\"Home\",\"item\":\"https:\\\/\\\/arborworks.ee\\\/ru\\\/\"},{\"@type\":\"ListItem\",\"position\":2,\"name\":\"\u0420\u0430\u0441\u0441\u0440\u043e\u0447\u043a\u0430\"}]},{\"@type\":\"WebSite\",\"@id\":\"https:\\\/\\\/arborworks.ee\\\/#website\",\"url\":\"https:\\\/\\\/arborworks.ee\\\/\",\"name\":\"ArborWorks - k&otilde;rgt&ouml;&ouml;d sinu kinnisvara heaks.\",\"description\":\"Telli teenused &uuml;hest kohast!\",\"publisher\":{\"@id\":\"https:\\\/\\\/arborworks.ee\\\/#organization\"},\"potentialAction\":[{\"@type\":\"SearchAction\",\"target\":{\"@type\":\"EntryPoint\",\"urlTemplate\":\"https:\\\/\\\/arborworks.ee\\\/?s={search_term_string}\"},\"query-input\":{\"@type\":\"PropertyValueSpecification\",\"valueRequired\":true,\"valueName\":\"search_term_string\"}}],\"inLanguage\":\"ru-RU\"},{\"@type\":\"Organization\",\"@id\":\"https:\\\/\\\/arborworks.ee\\\/#organization\",\"name\":\"ArborWorks O\u00dc\",\"url\":\"https:\\\/\\\/arborworks.ee\\\/\",\"logo\":{\"@type\":\"ImageObject\",\"inLanguage\":\"ru-RU\",\"@id\":\"https:\\\/\\\/arborworks.ee\\\/#\\\/schema\\\/logo\\\/image\\\/\",\"url\":\"https:\\\/\\\/arborworks.ee\\\/wp-content\\\/uploads\\\/2021\\\/12\\\/ARBORWORKS.jpg\",\"contentUrl\":\"https:\\\/\\\/arborworks.ee\\\/wp-content\\\/uploads\\\/2021\\\/12\\\/ARBORWORKS.jpg\",\"width\":2141,\"height\":824,\"caption\":\"ArborWorks O\u00dc\"},\"image\":{\"@id\":\"https:\\\/\\\/arborworks.ee\\\/#\\\/schema\\\/logo\\\/image\\\/\"}}]}<\/script>\n<!-- \/ Yoast SEO plugin. -->","yoast_head_json":{"title":"\u0420\u0430\u0441\u0441\u0440\u043e\u0447\u043a\u0430 - ArborWorks - k&otilde;rgt&ouml;&ouml;d sinu kinnisvara heaks.","description":"USALDUSV\u00c4\u00c4RNE JA PROFESSIONAALNE KUTSETUNNISTUSEGA ARBORIST EESTIS. Puude langetamine, hooldusl\u00f5ikus, k\u00e4ndude freesimine","robots":{"index":"index","follow":"follow","max-snippet":"max-snippet:-1","max-image-preview":"max-image-preview:large","max-video-preview":"max-video-preview:-1"},"canonical":"https:\/\/arborworks.ee\/ru\/\u0440\u0430\u0441\u0441\u0440\u043e\u0447\u043a\u0430\/","og_locale":"ru_RU","og_type":"article","og_title":"\u0420\u0430\u0441\u0441\u0440\u043e\u0447\u043a\u0430 - ArborWorks - k&otilde;rgt&ouml;&ouml;d sinu kinnisvara heaks.","og_description":"USALDUSV\u00c4\u00c4RNE JA PROFESSIONAALNE KUTSETUNNISTUSEGA ARBORIST EESTIS. Puude langetamine, hooldusl\u00f5ikus, k\u00e4ndude freesimine","og_url":"https:\/\/arborworks.ee\/ru\/\u0440\u0430\u0441\u0441\u0440\u043e\u0447\u043a\u0430\/","og_site_name":"ArborWorks - k&otilde;rgt&ouml;&ouml;d sinu kinnisvara heaks.","article_modified_time":"2024-04-18T19:20:46+00:00","twitter_card":"summary_large_image","schema":{"@context":"https:\/\/schema.org","@graph":[{"@type":"WebPage","@id":"https:\/\/arborworks.ee\/ru\/%d1%80%d0%b0%d1%81%d1%81%d1%80%d0%be%d1%87%d0%ba%d0%b0\/","url":"https:\/\/arborworks.ee\/ru\/%d1%80%d0%b0%d1%81%d1%81%d1%80%d0%be%d1%87%d0%ba%d0%b0\/","name":"\u0420\u0430\u0441\u0441\u0440\u043e\u0447\u043a\u0430 - ArborWorks - k&otilde;rgt&ouml;&ouml;d sinu kinnisvara heaks.","isPartOf":{"@id":"https:\/\/arborworks.ee\/#website"},"datePublished":"2020-05-13T06:51:46+00:00","dateModified":"2024-04-18T19:20:46+00:00","description":"USALDUSV\u00c4\u00c4RNE JA PROFESSIONAALNE KUTSETUNNISTUSEGA ARBORIST EESTIS. Puude langetamine, hooldusl\u00f5ikus, k\u00e4ndude freesimine","breadcrumb":{"@id":"https:\/\/arborworks.ee\/ru\/%d1%80%d0%b0%d1%81%d1%81%d1%80%d0%be%d1%87%d0%ba%d0%b0\/#breadcrumb"},"inLanguage":"ru-RU","potentialAction":[{"@type":"ReadAction","target":["https:\/\/arborworks.ee\/ru\/%d1%80%d0%b0%d1%81%d1%81%d1%80%d0%be%d1%87%d0%ba%d0%b0\/"]}]},{"@type":"BreadcrumbList","@id":"https:\/\/arborworks.ee\/ru\/%d1%80%d0%b0%d1%81%d1%81%d1%80%d0%be%d1%87%d0%ba%d0%b0\/#breadcrumb","itemListElement":[{"@type":"ListItem","position":1,"name":"Home","item":"https:\/\/arborworks.ee\/ru\/"},{"@type":"ListItem","position":2,"name":"\u0420\u0430\u0441\u0441\u0440\u043e\u0447\u043a\u0430"}]},{"@type":"WebSite","@id":"https:\/\/arborworks.ee\/#website","url":"https:\/\/arborworks.ee\/","name":"ArborWorks - k&otilde;rgt&ouml;&ouml;d sinu kinnisvara heaks.","description":"Telli teenused &uuml;hest kohast!","publisher":{"@id":"https:\/\/arborworks.ee\/#organization"},"potentialAction":[{"@type":"SearchAction","target":{"@type":"EntryPoint","urlTemplate":"https:\/\/arborworks.ee\/?s={search_term_string}"},"query-input":{"@type":"PropertyValueSpecification","valueRequired":true,"valueName":"search_term_string"}}],"inLanguage":"ru-RU"},{"@type":"Organization","@id":"https:\/\/arborworks.ee\/#organization","name":"ArborWorks O\u00dc","url":"https:\/\/arborworks.ee\/","logo":{"@type":"ImageObject","inLanguage":"ru-RU","@id":"https:\/\/arborworks.ee\/#\/schema\/logo\/image\/","url":"https:\/\/arborworks.ee\/wp-content\/uploads\/2021\/12\/ARBORWORKS.jpg","contentUrl":"https:\/\/arborworks.ee\/wp-content\/uploads\/2021\/12\/ARBORWORKS.jpg","width":2141,"height":824,"caption":"ArborWorks O\u00dc"},"image":{"@id":"https:\/\/arborworks.ee\/#\/schema\/logo\/image\/"}}]}},"_links":{"self":[{"href":"https:\/\/arborworks.ee\/ru\/wp-json\/wp\/v2\/pages\/295","targetHints":{"allow":["GET"]}}],"collection":[{"href":"https:\/\/arborworks.ee\/ru\/wp-json\/wp\/v2\/pages"}],"about":[{"href":"https:\/\/arborworks.ee\/ru\/wp-json\/wp\/v2\/types\/page"}],"author":[{"embeddable":true,"href":"https:\/\/arborworks.ee\/ru\/wp-json\/wp\/v2\/users\/1"}],"replies":[{"embeddable":true,"href":"https:\/\/arborworks.ee\/ru\/wp-json\/wp\/v2\/comments?post=295"}],"version-history":[{"count":11,"href":"https:\/\/arborworks.ee\/ru\/wp-json\/wp\/v2\/pages\/295\/revisions"}],"predecessor-version":[{"id":865,"href":"https:\/\/arborworks.ee\/ru\/wp-json\/wp\/v2\/pages\/295\/revisions\/865"}],"wp:attachment":[{"href":"https:\/\/arborworks.ee\/ru\/wp-json\/wp\/v2\/media?parent=295"}],"curies":[{"name":"wp","href":"https:\/\/api.w.org\/{rel}","templated":true}]}}