{"id":156,"date":"2020-03-27T18:46:59","date_gmt":"2020-03-27T18:46:59","guid":{"rendered":"https:\/\/uus.arborworks.ee\/?page_id=156"},"modified":"2021-12-06T15:31:18","modified_gmt":"2021-12-06T12:31:18","slug":"%d0%ba%d0%be%d0%bd%d1%82%d0%b0%d0%ba%d1%82","status":"publish","type":"page","link":"https:\/\/arborworks.ee\/ru\/%d0%ba%d0%be%d0%bd%d1%82%d0%b0%d0%ba%d1%82\/","title":{"rendered":"\u041a\u043e\u043d\u0442\u0430\u043a\u0442"},"content":{"rendered":"\n\n\t<section class=\"section\" id=\"section_1895484586\">\n\t\t<div class=\"section-bg fill\" >\n\t\t\t\t\t\t\t\t\t\n\t\t\t\n\n\t\t<\/div>\n\n\t\t\n\n\t\t<div class=\"section-content relative\">\n\t\t\t\n\n<div class=\"row row-collapse row-full-width align-middle\"  id=\"row-1435061787\">\n\n\n\t<div id=\"col-352111931\" class=\"col medium-6 small-12 large-6\"  >\n\t\t\t\t<div class=\"col-inner\"  >\n\t\t\t\n\t\t\t\n\n<h1><span style=\"color: #01b055;\"><strong>ArborWorks O\u00dc<\/strong><\/span><\/h1>\n<p>Reg: 14011444 <br>KMRK: EE101903161 <br>Jur. aadress: Ida-Virumaa, Alutaguse vald, M\u00e4etaguse alevik, Alutaguse vald, Tamme tn 3-16, 41301<\/p>\n<p>Swedbank: EE972200 2210 6393 7407<\/p>\n<div class=\"is-divider divider clearfix\" ><\/div>\n\n\n<div class=\"wpcf7 no-js\" id=\"wpcf7-f213-o1\" lang=\"en-US\" dir=\"ltr\" data-wpcf7-id=\"213\">\n<div class=\"screen-reader-response\"><p role=\"status\" aria-live=\"polite\" aria-atomic=\"true\"><\/p> <ul><\/ul><\/div>\n<form action=\"\/ru\/wp-json\/wp\/v2\/pages\/156#wpcf7-f213-o1\" method=\"post\" class=\"wpcf7-form init\" aria-label=\"Contact form\" enctype=\"multipart\/form-data\" novalidate=\"novalidate\" data-status=\"init\">\n<fieldset class=\"hidden-fields-container\"><input type=\"hidden\" name=\"_wpcf7\" value=\"213\" \/><input type=\"hidden\" name=\"_wpcf7_version\" value=\"6.1.5\" \/><input type=\"hidden\" name=\"_wpcf7_locale\" value=\"en_US\" \/><input type=\"hidden\" name=\"_wpcf7_unit_tag\" value=\"wpcf7-f213-o1\" \/><input type=\"hidden\" name=\"_wpcf7_container_post\" value=\"0\" \/><input type=\"hidden\" name=\"_wpcf7_posted_data_hash\" value=\"\" \/><input type=\"hidden\" name=\"_wpcf7_recaptcha_response\" value=\"\" \/>\n<\/fieldset>\n<p><label> \u0418\u043c\u044f<br \/>\n<span class=\"wpcf7-form-control-wrap\" data-name=\"your-name\"><input size=\"40\" maxlength=\"400\" class=\"wpcf7-form-control wpcf7-text wpcf7-validates-as-required\" aria-required=\"true\" aria-invalid=\"false\" value=\"\" type=\"text\" name=\"your-name\" \/><\/span> <\/label>\n<\/p>\n<p><label> \u042d\u043b.\u043f\u043e\u0447\u0442\u0430<br \/>\n<span class=\"wpcf7-form-control-wrap\" data-name=\"your-email\"><input size=\"40\" maxlength=\"400\" class=\"wpcf7-form-control wpcf7-email wpcf7-validates-as-required wpcf7-text wpcf7-validates-as-email\" aria-required=\"true\" aria-invalid=\"false\" value=\"\" type=\"email\" name=\"your-email\" \/><\/span> <\/label>\n<\/p>\n<p><label> \u0422\u0435\u043c\u0430<br \/>\n<span class=\"wpcf7-form-control-wrap\" data-name=\"your-subject\"><input size=\"40\" maxlength=\"400\" class=\"wpcf7-form-control wpcf7-text\" aria-invalid=\"false\" value=\"\" type=\"text\" name=\"your-subject\" \/><\/span> <\/label>\n<\/p>\n<p><label> Tel<br \/>\n<span class=\"wpcf7-form-control-wrap\" data-name=\"telefon\"><input size=\"40\" maxlength=\"400\" class=\"wpcf7-form-control wpcf7-text wpcf7-validates-as-required\" aria-required=\"true\" aria-invalid=\"false\" value=\"\" type=\"text\" name=\"telefon\" \/><\/span> <\/label>\n<\/p>\n<p><label> \u0421\u043e\u043e\u0431\u0449\u0435\u043d\u0438\u0435<br \/>\n<span class=\"wpcf7-form-control-wrap\" data-name=\"your-message\"><textarea cols=\"40\" rows=\"10\" maxlength=\"2000\" class=\"wpcf7-form-control wpcf7-textarea wpcf7-validates-as-required\" aria-required=\"true\" aria-invalid=\"false\" name=\"your-message\"><\/textarea><\/span> <\/label>\n<\/p>\n<p><label> \u0414\u043e\u0431\u0430\u0432\u0438\u0442\u044c \u0444\u0430\u0439\u043b<br \/>\n<span class=\"wpcf7-form-control-wrap\" data-name=\"file-340\"><input size=\"40\" class=\"wpcf7-form-control wpcf7-file\" accept=\".jpg,.png\" aria-invalid=\"false\" type=\"file\" name=\"file-340\" \/><\/span><\/label><br \/>\n<label> \u0414\u043e\u0431\u0430\u0432\u0438\u0442\u044c \u0444\u0430\u0439\u043b<br \/>\n<span class=\"wpcf7-form-control-wrap\" data-name=\"file-733\"><input size=\"40\" class=\"wpcf7-form-control wpcf7-file\" accept=\".jpg,.png\" aria-invalid=\"false\" type=\"file\" name=\"file-733\" \/><\/span><\/label><br \/>\n<label> \u0414\u043e\u0431\u0430\u0432\u0438\u0442\u044c \u0444\u0430\u0439\u043b<br \/>\n<span class=\"wpcf7-form-control-wrap\" data-name=\"file-238\"><input size=\"40\" class=\"wpcf7-form-control wpcf7-file\" accept=\".jpg,.png\" aria-invalid=\"false\" type=\"file\" name=\"file-238\" \/><\/span><\/label>\n<\/p>\n<p>(\u0440\u0430\u0437\u0440\u0435\u0448\u0435\u043d \u0444\u043e\u0440\u043c\u0430\u0442 \u0438\u0437\u043e\u0431\u0440\u0430\u0436\u0435\u043d\u0438\u044f jpg \u0438 png, \u043c\u0430\u043a\u0441\u0438\u043c\u0430\u043b\u044c\u043d\u044b\u0439 \u0440\u0430\u0437\u043c\u0435\u0440 \u0438\u0437\u043e\u0431\u0440\u0430\u0436\u0435\u043d\u0438\u044f 5 \u041c\u0411)<br \/>\n<input class=\"wpcf7-form-control wpcf7-submit has-spinner\" type=\"submit\" value=\"\u041e\u0422\u041f\u0420\u0410\u0412\u0418\u0422\u042c\" \/>\n<\/p><p style=\"display: none !important;\" class=\"akismet-fields-container\" data-prefix=\"_wpcf7_ak_\"><label>&#916;<textarea name=\"_wpcf7_ak_hp_textarea\" cols=\"45\" rows=\"8\" maxlength=\"100\"><\/textarea><\/label><input type=\"hidden\" id=\"ak_js_1\" name=\"_wpcf7_ak_js\" value=\"7\"\/><script type=\"text\/javascript\">\n\/* <![CDATA[ *\/\ndocument.getElementById( \"ak_js_1\" ).setAttribute( \"value\", ( new Date() ).getTime() );\n\/* ]]> *\/\n<\/script>\n<\/p><div class=\"wpcf7-response-output\" aria-hidden=\"true\"><\/div>\n<\/form>\n<\/div>\n\n\n\n\t\t<\/div>\n\t\t\t\t\n<style>\n#col-352111931 > .col-inner {\n  padding: 5% 5% 5% 5%;\n  max-width: 520px;\n}\n<\/style>\n\t<\/div>\n\n\t\n\n\t<div id=\"col-2078966202\" class=\"col medium-6 small-12 large-6\"  >\n\t\t\t\t<div class=\"col-inner\"  >\n\t\t\t\n\t\t\t\n\n    <div class=\"box has-hover has-hover box-text-bottom\" >\n\n                  <div class=\"box-image \" style=\"width:49%;\">\n           <div class=\"box-image-inner image-cover\" style=\"border-radius:100%;padding-top:100%;\">\n              <img loading=\"lazy\" decoding=\"async\" width=\"960\" height=\"960\" src=\"https:\/\/arborworks.ee\/wp-content\/uploads\/2020\/03\/74696629_10156802708046662_6859428685745750016_o.jpg\" class=\"attachment- size-\" alt=\"\" srcset=\"https:\/\/arborworks.ee\/wp-content\/uploads\/2020\/03\/74696629_10156802708046662_6859428685745750016_o.jpg 960w, https:\/\/arborworks.ee\/wp-content\/uploads\/2020\/03\/74696629_10156802708046662_6859428685745750016_o-300x300.jpg 300w, https:\/\/arborworks.ee\/wp-content\/uploads\/2020\/03\/74696629_10156802708046662_6859428685745750016_o-150x150.jpg 150w, https:\/\/arborworks.ee\/wp-content\/uploads\/2020\/03\/74696629_10156802708046662_6859428685745750016_o-768x768.jpg 768w\" sizes=\"auto, (max-width: 960px) 100vw, 960px\" \/>                         <\/div>\n          <\/div>\n         \n          <div class=\"box-text text-center\" >\n                <div class=\"box-text-inner\">\n                  <h4 class=\"uppercase\">\n                    <span class=\"person-name\">Roland Kontkar<\/span><br\/>\n                    <span class=\"person-title is-small thin-font op-7\">\n                      Arborist                    <\/span>\n                  <\/h4>\n\t\t\t\t\t<div class=\"social-icons follow-icons\" ><a href=\"mailto:info.arborworks@gmail.com\" data-label=\"E-mail\" target=\"_blank\" class=\"icon primary button circle tooltip email\" title=\"\u041e\u0442\u043f\u0440\u0430\u0432\u0438\u0442\u044c \u043d\u0430 e-mail\" aria-label=\"\u041e\u0442\u043f\u0440\u0430\u0432\u0438\u0442\u044c \u043d\u0430 e-mail\" rel=\"nofollow noopener\"><i class=\"icon-envelop\" aria-hidden=\"true\"><\/i><\/a><a href=\"tel:Tel: +372 58 50 9873\" data-label=\"Phone\" target=\"_blank\" class=\"icon primary button circle tooltip phone\" title=\"Call us\" aria-label=\"Call us\" rel=\"nofollow noopener\"><i class=\"icon-phone\" aria-hidden=\"true\"><\/i><\/a><\/div>\n\n<p>E-post: info.arborworks@gmail.com<br>Tel: +372 58 50 9873<\/p>\n\n                <\/div>\n          <\/div>\n    <\/div>\n\n\t\n    \n\n\t\t<\/div>\n\t\t\t\t\t<\/div>\n\n\t\n\n<\/div>\n\n\t\t<\/div>\n\n\t\t\n<style>\n#section_1895484586 {\n  padding-top: 30px;\n  padding-bottom: 30px;\n}\n<\/style>\n\t<\/section>\n\t\n","protected":false},"excerpt":{"rendered":"","protected":false},"author":1,"featured_media":0,"parent":0,"menu_order":0,"comment_status":"closed","ping_status":"closed","template":"","meta":{"footnotes":""},"class_list":["post-156","page","type-page","status-publish","hentry"],"yoast_head":"<!-- This site is optimized with the Yoast SEO plugin v27.4 - https:\/\/yoast.com\/product\/yoast-seo-wordpress\/ -->\n<title>\u041a\u043e\u043d\u0442\u0430\u043a\u0442 - ArborWorks - k&otilde;rgt&ouml;&ouml;d sinu kinnisvara heaks.<\/title>\n<meta name=\"description\" content=\"USALDUSV\u00c4\u00c4RNE JA PROFESSIONAALNE KUTSETUNNISTUSEGA ARBORIST EESTIS. Puude langetamine, hooldusl\u00f5ikus, k\u00e4ndude freesimine\" \/>\n<meta name=\"robots\" content=\"index, follow, max-snippet:-1, max-image-preview:large, max-video-preview:-1\" \/>\n<link rel=\"canonical\" href=\"https:\/\/arborworks.ee\/ru\/\u043a\u043e\u043d\u0442\u0430\u043a\u0442\/\" \/>\n<meta property=\"og:locale\" content=\"ru_RU\" \/>\n<meta property=\"og:type\" content=\"article\" \/>\n<meta property=\"og:title\" content=\"\u041a\u043e\u043d\u0442\u0430\u043a\u0442 - ArborWorks - k&otilde;rgt&ouml;&ouml;d sinu kinnisvara heaks.\" \/>\n<meta property=\"og:description\" content=\"USALDUSV\u00c4\u00c4RNE JA PROFESSIONAALNE KUTSETUNNISTUSEGA ARBORIST EESTIS. Puude langetamine, hooldusl\u00f5ikus, k\u00e4ndude freesimine\" \/>\n<meta property=\"og:url\" content=\"https:\/\/arborworks.ee\/ru\/\u043a\u043e\u043d\u0442\u0430\u043a\u0442\/\" \/>\n<meta property=\"og:site_name\" content=\"ArborWorks - k&otilde;rgt&ouml;&ouml;d sinu kinnisvara heaks.\" \/>\n<meta property=\"article:modified_time\" content=\"2021-12-06T12:31:18+00:00\" \/>\n<meta name=\"twitter:card\" content=\"summary_large_image\" \/>\n<meta name=\"twitter:label1\" content=\"\u041f\u0440\u0438\u043c\u0435\u0440\u043d\u043e\u0435 \u0432\u0440\u0435\u043c\u044f \u0434\u043b\u044f \u0447\u0442\u0435\u043d\u0438\u044f\" \/>\n\t<meta name=\"twitter:data1\" content=\"1 \u043c\u0438\u043d\u0443\u0442\u0430\" \/>\n<script type=\"application\/ld+json\" class=\"yoast-schema-graph\">{\"@context\":\"https:\\\/\\\/schema.org\",\"@graph\":[{\"@type\":\"WebPage\",\"@id\":\"https:\\\/\\\/arborworks.ee\\\/ru\\\/%d0%ba%d0%be%d0%bd%d1%82%d0%b0%d0%ba%d1%82\\\/\",\"url\":\"https:\\\/\\\/arborworks.ee\\\/ru\\\/%d0%ba%d0%be%d0%bd%d1%82%d0%b0%d0%ba%d1%82\\\/\",\"name\":\"\u041a\u043e\u043d\u0442\u0430\u043a\u0442 - ArborWorks - k&otilde;rgt&ouml;&ouml;d sinu kinnisvara heaks.\",\"isPartOf\":{\"@id\":\"https:\\\/\\\/arborworks.ee\\\/#website\"},\"datePublished\":\"2020-03-27T18:46:59+00:00\",\"dateModified\":\"2021-12-06T12:31:18+00:00\",\"description\":\"USALDUSV\u00c4\u00c4RNE JA PROFESSIONAALNE KUTSETUNNISTUSEGA ARBORIST EESTIS. Puude langetamine, hooldusl\u00f5ikus, k\u00e4ndude freesimine\",\"breadcrumb\":{\"@id\":\"https:\\\/\\\/arborworks.ee\\\/ru\\\/%d0%ba%d0%be%d0%bd%d1%82%d0%b0%d0%ba%d1%82\\\/#breadcrumb\"},\"inLanguage\":\"ru-RU\",\"potentialAction\":[{\"@type\":\"ReadAction\",\"target\":[\"https:\\\/\\\/arborworks.ee\\\/ru\\\/%d0%ba%d0%be%d0%bd%d1%82%d0%b0%d0%ba%d1%82\\\/\"]}]},{\"@type\":\"BreadcrumbList\",\"@id\":\"https:\\\/\\\/arborworks.ee\\\/ru\\\/%d0%ba%d0%be%d0%bd%d1%82%d0%b0%d0%ba%d1%82\\\/#breadcrumb\",\"itemListElement\":[{\"@type\":\"ListItem\",\"position\":1,\"name\":\"Home\",\"item\":\"https:\\\/\\\/arborworks.ee\\\/ru\\\/\"},{\"@type\":\"ListItem\",\"position\":2,\"name\":\"\u041a\u043e\u043d\u0442\u0430\u043a\u0442\"}]},{\"@type\":\"WebSite\",\"@id\":\"https:\\\/\\\/arborworks.ee\\\/#website\",\"url\":\"https:\\\/\\\/arborworks.ee\\\/\",\"name\":\"ArborWorks - k&otilde;rgt&ouml;&ouml;d sinu kinnisvara heaks.\",\"description\":\"Telli teenused &uuml;hest kohast!\",\"publisher\":{\"@id\":\"https:\\\/\\\/arborworks.ee\\\/#organization\"},\"potentialAction\":[{\"@type\":\"SearchAction\",\"target\":{\"@type\":\"EntryPoint\",\"urlTemplate\":\"https:\\\/\\\/arborworks.ee\\\/?s={search_term_string}\"},\"query-input\":{\"@type\":\"PropertyValueSpecification\",\"valueRequired\":true,\"valueName\":\"search_term_string\"}}],\"inLanguage\":\"ru-RU\"},{\"@type\":\"Organization\",\"@id\":\"https:\\\/\\\/arborworks.ee\\\/#organization\",\"name\":\"ArborWorks O\u00dc\",\"url\":\"https:\\\/\\\/arborworks.ee\\\/\",\"logo\":{\"@type\":\"ImageObject\",\"inLanguage\":\"ru-RU\",\"@id\":\"https:\\\/\\\/arborworks.ee\\\/#\\\/schema\\\/logo\\\/image\\\/\",\"url\":\"https:\\\/\\\/arborworks.ee\\\/wp-content\\\/uploads\\\/2021\\\/12\\\/ARBORWORKS.jpg\",\"contentUrl\":\"https:\\\/\\\/arborworks.ee\\\/wp-content\\\/uploads\\\/2021\\\/12\\\/ARBORWORKS.jpg\",\"width\":2141,\"height\":824,\"caption\":\"ArborWorks O\u00dc\"},\"image\":{\"@id\":\"https:\\\/\\\/arborworks.ee\\\/#\\\/schema\\\/logo\\\/image\\\/\"}}]}<\/script>\n<!-- \/ Yoast SEO plugin. -->","yoast_head_json":{"title":"\u041a\u043e\u043d\u0442\u0430\u043a\u0442 - ArborWorks - k&otilde;rgt&ouml;&ouml;d sinu kinnisvara heaks.","description":"USALDUSV\u00c4\u00c4RNE JA PROFESSIONAALNE KUTSETUNNISTUSEGA ARBORIST EESTIS. Puude langetamine, hooldusl\u00f5ikus, k\u00e4ndude freesimine","robots":{"index":"index","follow":"follow","max-snippet":"max-snippet:-1","max-image-preview":"max-image-preview:large","max-video-preview":"max-video-preview:-1"},"canonical":"https:\/\/arborworks.ee\/ru\/\u043a\u043e\u043d\u0442\u0430\u043a\u0442\/","og_locale":"ru_RU","og_type":"article","og_title":"\u041a\u043e\u043d\u0442\u0430\u043a\u0442 - ArborWorks - k&otilde;rgt&ouml;&ouml;d sinu kinnisvara heaks.","og_description":"USALDUSV\u00c4\u00c4RNE JA PROFESSIONAALNE KUTSETUNNISTUSEGA ARBORIST EESTIS. Puude langetamine, hooldusl\u00f5ikus, k\u00e4ndude freesimine","og_url":"https:\/\/arborworks.ee\/ru\/\u043a\u043e\u043d\u0442\u0430\u043a\u0442\/","og_site_name":"ArborWorks - k&otilde;rgt&ouml;&ouml;d sinu kinnisvara heaks.","article_modified_time":"2021-12-06T12:31:18+00:00","twitter_card":"summary_large_image","twitter_misc":{"\u041f\u0440\u0438\u043c\u0435\u0440\u043d\u043e\u0435 \u0432\u0440\u0435\u043c\u044f \u0434\u043b\u044f \u0447\u0442\u0435\u043d\u0438\u044f":"1 \u043c\u0438\u043d\u0443\u0442\u0430"},"schema":{"@context":"https:\/\/schema.org","@graph":[{"@type":"WebPage","@id":"https:\/\/arborworks.ee\/ru\/%d0%ba%d0%be%d0%bd%d1%82%d0%b0%d0%ba%d1%82\/","url":"https:\/\/arborworks.ee\/ru\/%d0%ba%d0%be%d0%bd%d1%82%d0%b0%d0%ba%d1%82\/","name":"\u041a\u043e\u043d\u0442\u0430\u043a\u0442 - ArborWorks - k&otilde;rgt&ouml;&ouml;d sinu kinnisvara heaks.","isPartOf":{"@id":"https:\/\/arborworks.ee\/#website"},"datePublished":"2020-03-27T18:46:59+00:00","dateModified":"2021-12-06T12:31:18+00:00","description":"USALDUSV\u00c4\u00c4RNE JA PROFESSIONAALNE KUTSETUNNISTUSEGA ARBORIST EESTIS. Puude langetamine, hooldusl\u00f5ikus, k\u00e4ndude freesimine","breadcrumb":{"@id":"https:\/\/arborworks.ee\/ru\/%d0%ba%d0%be%d0%bd%d1%82%d0%b0%d0%ba%d1%82\/#breadcrumb"},"inLanguage":"ru-RU","potentialAction":[{"@type":"ReadAction","target":["https:\/\/arborworks.ee\/ru\/%d0%ba%d0%be%d0%bd%d1%82%d0%b0%d0%ba%d1%82\/"]}]},{"@type":"BreadcrumbList","@id":"https:\/\/arborworks.ee\/ru\/%d0%ba%d0%be%d0%bd%d1%82%d0%b0%d0%ba%d1%82\/#breadcrumb","itemListElement":[{"@type":"ListItem","position":1,"name":"Home","item":"https:\/\/arborworks.ee\/ru\/"},{"@type":"ListItem","position":2,"name":"\u041a\u043e\u043d\u0442\u0430\u043a\u0442"}]},{"@type":"WebSite","@id":"https:\/\/arborworks.ee\/#website","url":"https:\/\/arborworks.ee\/","name":"ArborWorks - k&otilde;rgt&ouml;&ouml;d sinu kinnisvara heaks.","description":"Telli teenused &uuml;hest kohast!","publisher":{"@id":"https:\/\/arborworks.ee\/#organization"},"potentialAction":[{"@type":"SearchAction","target":{"@type":"EntryPoint","urlTemplate":"https:\/\/arborworks.ee\/?s={search_term_string}"},"query-input":{"@type":"PropertyValueSpecification","valueRequired":true,"valueName":"search_term_string"}}],"inLanguage":"ru-RU"},{"@type":"Organization","@id":"https:\/\/arborworks.ee\/#organization","name":"ArborWorks O\u00dc","url":"https:\/\/arborworks.ee\/","logo":{"@type":"ImageObject","inLanguage":"ru-RU","@id":"https:\/\/arborworks.ee\/#\/schema\/logo\/image\/","url":"https:\/\/arborworks.ee\/wp-content\/uploads\/2021\/12\/ARBORWORKS.jpg","contentUrl":"https:\/\/arborworks.ee\/wp-content\/uploads\/2021\/12\/ARBORWORKS.jpg","width":2141,"height":824,"caption":"ArborWorks O\u00dc"},"image":{"@id":"https:\/\/arborworks.ee\/#\/schema\/logo\/image\/"}}]}},"_links":{"self":[{"href":"https:\/\/arborworks.ee\/ru\/wp-json\/wp\/v2\/pages\/156","targetHints":{"allow":["GET"]}}],"collection":[{"href":"https:\/\/arborworks.ee\/ru\/wp-json\/wp\/v2\/pages"}],"about":[{"href":"https:\/\/arborworks.ee\/ru\/wp-json\/wp\/v2\/types\/page"}],"author":[{"embeddable":true,"href":"https:\/\/arborworks.ee\/ru\/wp-json\/wp\/v2\/users\/1"}],"replies":[{"embeddable":true,"href":"https:\/\/arborworks.ee\/ru\/wp-json\/wp\/v2\/comments?post=156"}],"version-history":[{"count":6,"href":"https:\/\/arborworks.ee\/ru\/wp-json\/wp\/v2\/pages\/156\/revisions"}],"predecessor-version":[{"id":373,"href":"https:\/\/arborworks.ee\/ru\/wp-json\/wp\/v2\/pages\/156\/revisions\/373"}],"wp:attachment":[{"href":"https:\/\/arborworks.ee\/ru\/wp-json\/wp\/v2\/media?parent=156"}],"curies":[{"name":"wp","href":"https:\/\/api.w.org\/{rel}","templated":true}]}}